{"id":1440,"date":"2019-03-18T18:04:46","date_gmt":"2019-03-18T18:04:46","guid":{"rendered":"https:\/\/clone.lesserresbourgeon.ca\/about-us-2\/corporate-clients\/"},"modified":"2020-03-06T22:55:55","modified_gmt":"2020-03-06T22:55:55","slug":"corporate-clients","status":"publish","type":"page","link":"https:\/\/clone.lesserresbourgeon.ca\/en\/about-us\/corporate-clients\/","title":{"rendered":"Corporate clients"},"content":{"rendered":"<div class=\"fusion-fullwidth fullwidth-box fusion-builder-row-1 nonhundred-percent-fullwidth non-hundred-percent-height-scrolling\"  style='background-color: rgba(141,221,84,0);background-position: center center;background-repeat: no-repeat;padding-top:0px;padding-right:0px;padding-bottom:0px;padding-left:0px;margin-top: -40px;'><div class=\"fusion-builder-row fusion-row \"><div  class=\"fusion-layout-column fusion_builder_column fusion_builder_column_1_1 fusion-builder-column-0 fusion-one-full fusion-column-first fusion-column-last 1_1\"  style='margin-top:0px;margin-bottom:20px;'><div class=\"fusion-column-wrapper\" style=\"padding: 0px 0px 0px 0px;background-position:left top;background-repeat:no-repeat;-webkit-background-size:cover;-moz-background-size:cover;-o-background-size:cover;background-size:cover;\"   data-bg-url=\"\"><div class=\"fusion-text\"><h1><strong>Corporate clients<\/strong><\/h1>\n<p>Bourgeon Greenhouses are proud to support several companies \/ institutions in the region who want their environment to blossom, including:<\/p>\n<ul>\n<li><strong><a href=\"http:\/\/www.lestroiserables.com\/\" target=\"_blank\" rel=\"noopener noreferrer\">Auberge Les Trois Erables<\/a><\/strong><\/li>\n<li><strong>Boucherie M.S.<\/strong><\/li>\n<li><strong><a href=\"https:\/\/khewa.com\/en\/\" target=\"_blank\" rel=\"noopener noreferrer\">Khewa &#8211; Indigenous Boutique &amp; Art Gallery<\/a><\/strong><\/li>\n<li><strong><a href=\"https:\/\/www.facebook.com\/galerie360\/\" target=\"_blank\" rel=\"noopener noreferrer\">Magasin g\u00e9n\u00e9ral La P\u00eache<\/a><\/strong><\/li>\n<li><strong><a href=\"https:\/\/www.montcascades.com\/en\/\" target=\"_blank\" rel=\"noopener noreferrer\">Mont-Cascades Golf Club<\/a><\/strong><\/li>\n<li><a href=\"http:\/\/www.villelapeche.qc.ca\/en\/\" target=\"_blank\" rel=\"noopener noreferrer\"><strong>Municipality of La P\u00eache<\/strong><\/a><\/li>\n<li><strong><a href=\"https:\/\/www.nikosibistropub.com\/\" target=\"_blank\" rel=\"noopener noreferrer\">Nikosi Bistro Pub<\/a><\/strong><\/li>\n<\/ul>\n<p>In addition, many local landscapers \/ gardeners are buying from us to serve their own customers.<\/p>\n<p>The renovation of our greenhouses now allows us to allocate more space to produce personalized orders. We encourage local businesses to contact us for a quote for hanging baskets or other locally produced arrangements in our greenhouses. We have a very nice selection of pots and planters that will attract the attention of your customers.<\/p>\n<\/div><div class=\"fusion-clearfix\"><\/div><\/div><\/div><\/div><\/div>\n","protected":false},"excerpt":{"rendered":"","protected":false},"author":1,"featured_media":0,"parent":1374,"menu_order":0,"comment_status":"closed","ping_status":"closed","template":"","meta":[],"_links":{"self":[{"href":"https:\/\/clone.lesserresbourgeon.ca\/en\/wp-json\/wp\/v2\/pages\/1440\/"}],"collection":[{"href":"https:\/\/clone.lesserresbourgeon.ca\/en\/wp-json\/wp\/v2\/pages\/"}],"about":[{"href":"https:\/\/clone.lesserresbourgeon.ca\/en\/wp-json\/wp\/v2\/types\/page\/"}],"author":[{"embeddable":true,"href":"https:\/\/clone.lesserresbourgeon.ca\/en\/wp-json\/wp\/v2\/users\/1\/"}],"replies":[{"embeddable":true,"href":"https:\/\/clone.lesserresbourgeon.ca\/en\/wp-json\/wp\/v2\/comments\/?post=1440"}],"version-history":[{"count":25,"href":"https:\/\/clone.lesserresbourgeon.ca\/en\/wp-json\/wp\/v2\/pages\/1440\/revisions\/"}],"predecessor-version":[{"id":2670,"href":"https:\/\/clone.lesserresbourgeon.ca\/en\/wp-json\/wp\/v2\/pages\/1440\/revisions\/2670\/"}],"up":[{"embeddable":true,"href":"https:\/\/clone.lesserresbourgeon.ca\/en\/wp-json\/wp\/v2\/pages\/1374\/"}],"wp:attachment":[{"href":"https:\/\/clone.lesserresbourgeon.ca\/en\/wp-json\/wp\/v2\/media\/?parent=1440"}],"curies":[{"name":"wp","href":"https:\/\/api.w.org\/{rel}","templated":true}]}}