{"id":182,"date":"2018-02-23T19:47:46","date_gmt":"2018-02-23T19:47:46","guid":{"rendered":"https:\/\/clone.lesserresbourgeon.ca\/about-us\/"},"modified":"2020-04-08T17:14:44","modified_gmt":"2020-04-08T17:14:44","slug":"member-of","status":"publish","type":"page","link":"https:\/\/clone.lesserresbourgeon.ca\/en\/about-us\/member-of\/","title":{"rendered":"Member of"},"content":{"rendered":"<p><div class=\"fusion-fullwidth fullwidth-box fusion-builder-row-1 nonhundred-percent-fullwidth non-hundred-percent-height-scrolling\"  style='background-color: rgba(141,221,84,0);background-position: center center;background-repeat: no-repeat;padding-top:0px;padding-right:0px;padding-bottom:0px;padding-left:0px;margin-top: -40px;'><div class=\"fusion-builder-row fusion-row \"><div  class=\"fusion-layout-column fusion_builder_column fusion_builder_column_1_3 fusion-builder-column-0 fusion-one-third fusion-column-first 1_3\"  style='margin-top:80px;margin-bottom:20px;width:33.33%;width:calc(33.33% - ( ( 5px ) * 0.3333 ) );margin-right: 5px;'><div class=\"fusion-column-wrapper\" style=\"padding: 0px 0px 0px 0px;background-position:left top;background-repeat:no-repeat;-webkit-background-size:cover;-moz-background-size:cover;-o-background-size:cover;background-size:cover;\"   data-bg-url=\"\"><span style=\"margin-right:25px;float:left;\" class=\"fusion-imageframe imageframe-none imageframe-1 hover-type-none\"><a class=\"fusion-no-lightbox\" href=\"http:\/\/iqdho.com\/index.php\/en\/member-list\" target=\"_blank\" aria-label=\"IQDHO\" rel=\"noopener noreferrer\"><img loading=\"lazy\" src=\"https:\/\/clone.lesserresbourgeon.ca\/wp-content\/uploads\/2018\/03\/IQCHO-e1522367792218.jpg\" width=\"140\" height=\"175\" alt=\"Quebec\u2019s Center of expertise in ornamental horticulture\" class=\"img-responsive wp-image-1421\"\/><\/a><\/span><div class=\"fusion-clearfix\"><\/div><\/div><\/div><div  class=\"fusion-layout-column fusion_builder_column fusion_builder_column_2_3 fusion-builder-column-1 fusion-two-third fusion-column-last 2_3\"  style='margin-top:0px;margin-bottom:20px;width:66.66%;width:calc(66.66% - ( ( 5px ) * 0.6666 ) );'><div class=\"fusion-column-wrapper\" style=\"padding: 0px 0px 0px 0px;background-position:left top;background-repeat:no-repeat;-webkit-background-size:cover;-moz-background-size:cover;-o-background-size:cover;background-size:cover;\"   data-bg-url=\"\"><div class=\"fusion-text\"><h1><strong>Member of :<\/strong><\/h1>\n<p><a href=\"http:\/\/iqdho.com\/index.php\/fr\/liste-des-membres\"><strong>L\u2019institut qu\u00e9b\u00e9cois du d\u00e9veloppement de l\u2019horticulture ornementale\u00a0<\/strong><\/a>(IQDHO) is Quebec\u2019s Center of expertise in ornamental horticulture that promotes, through its multidisciplinary team, innovation and the transfer of knowledge necessary for the development of ornamental horticulture.<\/p>\n<p>The goal is to help companies improve the quality and efficiency of their production, the profitability of the company and, consequently, their competitiveness.<\/p>\n<\/div><div class=\"fusion-clearfix\"><\/div><\/div><\/div><div  class=\"fusion-layout-column fusion_builder_column fusion_builder_column_1_1 fusion-builder-column-2 fusion-one-full fusion-column-first fusion-column-last 1_1\"  style='margin-top:0px;margin-bottom:20px;'><div class=\"fusion-column-wrapper\" style=\"padding: 0px 0px 0px 0px;background-position:left top;background-repeat:no-repeat;-webkit-background-size:cover;-moz-background-size:cover;-o-background-size:cover;background-size:cover;\"   data-bg-url=\"\"><div class=\"fusion-sep-clear\"><\/div><div class=\"fusion-separator fusion-full-width-sep sep-double\" style=\"border-color:#e0dede;border-top-width:1px;border-bottom-width:1px;margin-left: auto;margin-right: auto;margin-top:30px;margin-bottom:30px;\"><\/div><div class=\"fusion-clearfix\"><\/div><\/div><\/div><div  class=\"fusion-layout-column fusion_builder_column fusion_builder_column_1_3 fusion-builder-column-3 fusion-one-third fusion-column-first 1_3\"  style='margin-top:0px;margin-bottom:20px;width:33.33%;width:calc(33.33% - ( ( 5px ) * 0.3333 ) );margin-right: 5px;'><div class=\"fusion-column-wrapper\" style=\"padding: 15px 0px 0px 0px;background-position:left top;background-repeat:no-repeat;-webkit-background-size:cover;-moz-background-size:cover;-o-background-size:cover;background-size:cover;\"   data-bg-url=\"\"><span style=\"margin-right:25px;float:left;\" class=\"fusion-imageframe imageframe-none imageframe-2 hover-type-none\"><a class=\"fusion-no-lightbox\" href=\"https:\/\/www.serres.quebec\/liste-des-membres\/\" target=\"_blank\" aria-label=\"Les producteurs en serre du Qu\u00e9bec\" rel=\"noopener noreferrer\"><img loading=\"lazy\" src=\"https:\/\/clone.lesserresbourgeon.ca\/wp-content\/uploads\/2018\/03\/PSQ-e1522365951350.jpg\" width=\"150\" height=\"95\" alt=\"Les producteurs en serre du Qu\u00e9bec\" class=\"img-responsive wp-image-1423\"\/><\/a><\/span><div class=\"fusion-clearfix\"><\/div><\/div><\/div><div  class=\"fusion-layout-column fusion_builder_column fusion_builder_column_2_3 fusion-builder-column-4 fusion-two-third fusion-column-last 2_3\"  style='margin-top:0px;margin-bottom:20px;width:66.66%;width:calc(66.66% - ( ( 5px ) * 0.6666 ) );'><div class=\"fusion-column-wrapper\" style=\"padding: 0px 0px 0px 0px;background-position:left top;background-repeat:no-repeat;-webkit-background-size:cover;-moz-background-size:cover;-o-background-size:cover;background-size:cover;\"   data-bg-url=\"\"><div class=\"fusion-text\"><p><a href=\"https:\/\/www.serres.quebec\/liste-des-membres\/\" target=\"_blank\" rel=\"noopener noreferrer\"><strong>Les Producteurs en serre du Qu\u00e9bec<\/strong><\/a> (PSQ) whose mission is the study, defense and development of the economic, social and moral interests of its members.<\/p>\n<p>The actions of the PSQ seek to reconcile the diversified interests of small, medium and large companies in greenhouse production of ornamental plants, vegetables and fruits.<\/p>\n<\/div><div class=\"fusion-clearfix\"><\/div><\/div><\/div><div  class=\"fusion-layout-column fusion_builder_column fusion_builder_column_1_1 fusion-builder-column-5 fusion-one-full fusion-column-first fusion-column-last 1_1\"  style='margin-top:0px;margin-bottom:20px;'><div class=\"fusion-column-wrapper\" style=\"padding: 0px 0px 0px 0px;background-position:left top;background-repeat:no-repeat;-webkit-background-size:cover;-moz-background-size:cover;-o-background-size:cover;background-size:cover;\"   data-bg-url=\"\"><div class=\"fusion-sep-clear\"><\/div><div class=\"fusion-separator fusion-full-width-sep sep-double\" style=\"border-color:#e0dede;border-top-width:1px;border-bottom-width:1px;margin-left: auto;margin-right: auto;margin-top:30px;margin-bottom:30px;\"><\/div><div class=\"fusion-clearfix\"><\/div><\/div><\/div><div  class=\"fusion-layout-column fusion_builder_column fusion_builder_column_1_3 fusion-builder-column-6 fusion-one-third fusion-column-first 1_3\"  style='margin-top:0px;margin-bottom:20px;width:33.33%;width:calc(33.33% - ( ( 5px ) * 0.3333 ) );margin-right: 5px;'><div class=\"fusion-column-wrapper\" style=\"padding: 50px 0px 0px 0px;background-position:left top;background-repeat:no-repeat;-webkit-background-size:cover;-moz-background-size:cover;-o-background-size:cover;background-size:cover;\"   data-bg-url=\"\"><span style=\"margin-right:25px;float:left;\" class=\"fusion-imageframe imageframe-none imageframe-3 hover-type-none\"><a class=\"fusion-no-lightbox\" href=\"http:\/\/www.outaouais-laurentides.upa.qc.ca\/collines-de-loutaouais\/\" target=\"_blank\" aria-label=\"UPA Collines de l&#8217;Outaouais\" rel=\"noopener noreferrer\"><img loading=\"lazy\" src=\"https:\/\/clone.lesserresbourgeon.ca\/wp-content\/uploads\/2018\/03\/UPA-e1522367857836.jpg\" width=\"200\" height=\"53\" alt=\"Union des producteurs agricoles Collines de l&#039;Outaouais\" class=\"img-responsive wp-image-1425\"\/><\/a><\/span><div class=\"fusion-clearfix\"><\/div><\/div><\/div><div  class=\"fusion-layout-column fusion_builder_column fusion_builder_column_2_3 fusion-builder-column-7 fusion-two-third fusion-column-last 2_3\"  style='margin-top:0px;margin-bottom:20px;width:66.66%;width:calc(66.66% - ( ( 5px ) * 0.6666 ) );'><div class=\"fusion-column-wrapper\" style=\"padding: 0px 0px 0px 0px;background-position:left top;background-repeat:no-repeat;-webkit-background-size:cover;-moz-background-size:cover;-o-background-size:cover;background-size:cover;\"   data-bg-url=\"\"><div class=\"fusion-text\"><p style=\"text-align: left;\"><a href=\"http:\/\/www.outaouais-laurentides.upa.qc.ca\/collines-de-loutaouais\/\" target=\"_blank\" rel=\"noopener noreferrer\"><strong>L&#8217;UPA des Collines-de-l&#8217;Outaouais<\/strong> <\/a>whose mission is to promote, defend and develop the professional, economic, social and moral interests of its members. UPA also contributes to improving the social, economic and cultural living conditions of rural areas.<\/p>\n<p><strong><em>Bourgeon Greenhouses is one of 302 agricultural businesses in the Collines-de-l&#8217;Outaouais territory.<\/em><\/strong><\/p>\n<\/div><div class=\"fusion-clearfix\"><\/div><\/div><\/div><div  class=\"fusion-layout-column fusion_builder_column fusion_builder_column_1_1 fusion-builder-column-8 fusion-one-full fusion-column-first fusion-column-last 1_1\"  style='margin-top:0px;margin-bottom:20px;'><div class=\"fusion-column-wrapper\" style=\"padding: 0px 0px 0px 0px;background-position:left top;background-repeat:no-repeat;-webkit-background-size:cover;-moz-background-size:cover;-o-background-size:cover;background-size:cover;\"   data-bg-url=\"\"><div class=\"fusion-sep-clear\"><\/div><div class=\"fusion-separator fusion-full-width-sep sep-double\" style=\"border-color:#e0dede;border-top-width:1px;border-bottom-width:1px;margin-left: auto;margin-right: auto;margin-top:30px;margin-bottom:30px;\"><\/div><div class=\"fusion-clearfix\"><\/div><\/div><\/div><\/div><\/div><div class=\"fusion-fullwidth fullwidth-box fusion-builder-row-2 nonhundred-percent-fullwidth non-hundred-percent-height-scrolling\"  style='background-color: rgba(141,221,84,0);background-position: center center;background-repeat: no-repeat;padding-top:0px;padding-right:0px;padding-bottom:0px;padding-left:0px;'><div class=\"fusion-builder-row fusion-row \"><div  class=\"fusion-layout-column fusion_builder_column fusion_builder_column_1_3 fusion-builder-column-9 fusion-one-third fusion-column-first 1_3\"  style='margin-top:0px;margin-bottom:20px;width:33.33%;width:calc(33.33% - ( ( 5px ) * 0.3333 ) );margin-right: 5px;'><div class=\"fusion-column-wrapper\" style=\"padding: 0px 0px 20px 0px;background-position:left top;background-repeat:no-repeat;-webkit-background-size:cover;-moz-background-size:cover;-o-background-size:cover;background-size:cover;\"   data-bg-url=\"\"><span class=\"fusion-imageframe imageframe-none imageframe-4 hover-type-none\"><a class=\"fusion-no-lightbox\" href=\"https:\/\/cwlpc.ca\/directory\/\" target=\"_blank\" aria-label=\"Wakefield \u2013 La P\u00eache Chamber\" rel=\"noopener noreferrer\"><img loading=\"lazy\" src=\"https:\/\/clone.lesserresbourgeon.ca\/wp-content\/uploads\/2018\/03\/chambre-commerce-wakefield-la-peche-e1522949005896.png\" width=\"200\" height=\"83\" alt=\"Wakefield La P\u00eache Chamber\" class=\"img-responsive wp-image-1419\"\/><\/a><\/span><div class=\"fusion-clearfix\"><\/div><\/div><\/div><div  class=\"fusion-layout-column fusion_builder_column fusion_builder_column_2_3 fusion-builder-column-10 fusion-two-third fusion-column-last 2_3\"  style='margin-top:0px;margin-bottom:20px;width:66.66%;width:calc(66.66% - ( ( 5px ) * 0.6666 ) );'><div class=\"fusion-column-wrapper\" style=\"padding: 0px 0px 0px 0px;background-position:left top;background-repeat:no-repeat;-webkit-background-size:cover;-moz-background-size:cover;-o-background-size:cover;background-size:cover;\"   data-bg-url=\"\"><div class=\"fusion-text\"><h3><\/h3>\n<\/div><div class=\"fusion-text\"><p><strong><a href=\"https:\/\/cwlpc.ca\/welcome\/\" target=\"_blank\" rel=\"noopener noreferrer\">Wakefield \u2013 La P\u00eache Chamber <\/a><\/strong>\u00a0whose mandate is to foster a thriving economic, artistic, recreational and social environment for Wakefield and area.\u00a0 Since Wakefield is a hub for the region, we reach out to all of La P\u00eache and beyond to achieve this mandate.\u00a0 Our business directory lists and connects businesses for all of La P\u00eache.<\/p>\n<p>&nbsp;<\/p>\n<\/div><div class=\"fusion-clearfix\"><\/div><\/div><\/div><div  class=\"fusion-layout-column fusion_builder_column fusion_builder_column_1_1 fusion-builder-column-11 fusion-one-full fusion-column-first fusion-column-last 1_1\"  style='margin-top:0px;margin-bottom:20px;'><div class=\"fusion-column-wrapper\" style=\"padding: 0px 0px 40px 0px;background-position:left top;background-repeat:no-repeat;-webkit-background-size:cover;-moz-background-size:cover;-o-background-size:cover;background-size:cover;\"   data-bg-url=\"\"><div class=\"fusion-sep-clear\"><\/div><div class=\"fusion-separator fusion-full-width-sep sep-double\" style=\"border-color:#e0dede;border-top-width:1px;border-bottom-width:1px;margin-left: auto;margin-right: auto;margin-top:30px;margin-bottom:0px;\"><\/div><div class=\"fusion-clearfix\"><\/div><\/div><\/div><div  class=\"fusion-layout-column fusion_builder_column fusion_builder_column_1_3 fusion-builder-column-12 fusion-one-third fusion-column-first 1_3\"  style='margin-top:0px;margin-bottom:20px;width:33.33%;width:calc(33.33% - ( ( 5px ) * 0.3333 ) );margin-right: 5px;'><div class=\"fusion-column-wrapper\" style=\"padding: 0px 0px 0px 0px;background-position:left top;background-repeat:no-repeat;-webkit-background-size:cover;-moz-background-size:cover;-o-background-size:cover;background-size:cover;\"   data-bg-url=\"\"><span class=\"fusion-imageframe imageframe-none imageframe-5 hover-type-none\"><a class=\"fusion-no-lightbox\" href=\"http:\/\/dujardindansmavie.com\/trouvez-des-conseils\/trucs-et-astuces\/trouvez-un-specialiste\/\" target=\"_blank\" aria-label=\"Du jardin dans ma vie\" rel=\"noopener noreferrer\"><img loading=\"lazy\" src=\"https:\/\/clone.lesserresbourgeon.ca\/wp-content\/uploads\/2018\/03\/dujardindansmavie-e1522949618218.png\" width=\"250\" height=\"77\" alt=\"Du jardin dans ma vie\" class=\"img-responsive wp-image-1417\"\/><\/a><\/span><div class=\"fusion-clearfix\"><\/div><\/div><\/div><div  class=\"fusion-layout-column fusion_builder_column fusion_builder_column_2_3 fusion-builder-column-13 fusion-two-third fusion-column-last 2_3\"  style='margin-top:0px;margin-bottom:20px;width:66.66%;width:calc(66.66% - ( ( 5px ) * 0.6666 ) );'><div class=\"fusion-column-wrapper\" style=\"padding: 0px 0px 0px 0px;background-position:left top;background-repeat:no-repeat;-webkit-background-size:cover;-moz-background-size:cover;-o-background-size:cover;background-size:cover;\"   data-bg-url=\"\"><div class=\"fusion-text\"><p>This inspirational and informative portal has been designed by a group of professionals in Quebec&#8217;s ornamental horticulture industry. It is a flourishing initiative of the \u201cTable fili\u00e8re l\u2019horticulture ornementale\u201d as part of the provincial campaign <strong><a href=\"https:\/\/dujardindansmavie.com\/trouvez-des-conseils\/trucs-et-astuces\/trouvez-un-specialiste\/\" target=\"_blank\" rel=\"noopener noreferrer\">\u201cDu jardin dans ma vie\u201d<\/a><\/strong>.<\/p>\n<\/div><div class=\"fusion-clearfix\"><\/div><\/div><\/div><\/div><\/div><\/p>\n","protected":false},"excerpt":{"rendered":"","protected":false},"author":1,"featured_media":0,"parent":1374,"menu_order":0,"comment_status":"closed","ping_status":"closed","template":"","meta":[],"_links":{"self":[{"href":"https:\/\/clone.lesserresbourgeon.ca\/en\/wp-json\/wp\/v2\/pages\/182\/"}],"collection":[{"href":"https:\/\/clone.lesserresbourgeon.ca\/en\/wp-json\/wp\/v2\/pages\/"}],"about":[{"href":"https:\/\/clone.lesserresbourgeon.ca\/en\/wp-json\/wp\/v2\/types\/page\/"}],"author":[{"embeddable":true,"href":"https:\/\/clone.lesserresbourgeon.ca\/en\/wp-json\/wp\/v2\/users\/1\/"}],"replies":[{"embeddable":true,"href":"https:\/\/clone.lesserresbourgeon.ca\/en\/wp-json\/wp\/v2\/comments\/?post=182"}],"version-history":[{"count":52,"href":"https:\/\/clone.lesserresbourgeon.ca\/en\/wp-json\/wp\/v2\/pages\/182\/revisions\/"}],"predecessor-version":[{"id":2713,"href":"https:\/\/clone.lesserresbourgeon.ca\/en\/wp-json\/wp\/v2\/pages\/182\/revisions\/2713\/"}],"up":[{"embeddable":true,"href":"https:\/\/clone.lesserresbourgeon.ca\/en\/wp-json\/wp\/v2\/pages\/1374\/"}],"wp:attachment":[{"href":"https:\/\/clone.lesserresbourgeon.ca\/en\/wp-json\/wp\/v2\/media\/?parent=182"}],"curies":[{"name":"wp","href":"https:\/\/api.w.org\/{rel}","templated":true}]}}